{"id":19,"date":"2026-01-08T15:59:20","date_gmt":"2026-01-08T14:59:20","guid":{"rendered":"https:\/\/walkingfootballtriestingtal.at\/?page_id=19"},"modified":"2026-03-07T13:16:19","modified_gmt":"2026-03-07T12:16:19","slug":"uber-uns","status":"publish","type":"page","link":"https:\/\/walkingfootballtriestingtal.at\/en\/uber-uns\/","title":{"rendered":"\u00dcber uns"},"content":{"rendered":"<p><\/p>\n\n\n\n<p><\/p>\n\n\n\n<figure class=\"wp-block-image size-large is-resized\"><img loading=\"lazy\" decoding=\"async\" width=\"1024\" height=\"421\" src=\"https:\/\/walkingfootballtriestingtal.at\/wp-content\/uploads\/2026\/02\/WFT_Groupfoto-1-1024x421.jpeg\" alt=\"\" class=\"wp-image-177\" style=\"aspect-ratio:2.4323239375163626;width:1199px;height:auto\" srcset=\"https:\/\/walkingfootballtriestingtal.at\/wp-content\/uploads\/2026\/02\/WFT_Groupfoto-1-1024x421.jpeg 1024w, https:\/\/walkingfootballtriestingtal.at\/wp-content\/uploads\/2026\/02\/WFT_Groupfoto-1-300x123.jpeg 300w, https:\/\/walkingfootballtriestingtal.at\/wp-content\/uploads\/2026\/02\/WFT_Groupfoto-1-768x315.jpeg 768w, https:\/\/walkingfootballtriestingtal.at\/wp-content\/uploads\/2026\/02\/WFT_Groupfoto-1-1536x631.jpeg 1536w, https:\/\/walkingfootballtriestingtal.at\/wp-content\/uploads\/2026\/02\/WFT_Groupfoto-1-2048x841.jpeg 2048w, https:\/\/walkingfootballtriestingtal.at\/wp-content\/uploads\/2026\/02\/WFT_Groupfoto-1-18x7.jpeg 18w\" sizes=\"auto, (max-width: 1024px) 100vw, 1024px\" \/><\/figure>\n\n\n\n<p>Wir sind 23 Spieler und 1 Spielerin, die einerseits fr\u00fcher Vereinsfussball (bis Landesliga) , andererseits aber auch nie in einem Verein gespielt haben, aber immer die Liebe zum Fussball hatten.<\/p>\n\n\n\n<p>Wir haben auch Spieler mit k\u00fcnstlichem Knie oder H\u00fcfte, mit COPD &gt; allen ist nur eines wichtig: es gibt eine M\u00f6glichkeit, dass sie wieder dem Ball &#8222;nachjagen&#8220; k\u00f6nnen<\/p>\n\n\n\n<div class=\"wp-block-uagb-container uagb-layout-flex uagb-block-29bdcc74 alignwide uagb-is-root-container\">\n<div class=\"wp-block-uagb-container uagb-block-131e1e6d\">\n<div class=\"wp-block-uagb-image uagb-block-d4ca4c07 wp-block-uagb-image--layout-default wp-block-uagb-image--effect-static wp-block-uagb-image--align-none\"><figure class=\"wp-block-uagb-image__figure\"><img decoding=\"async\" srcset=\"https:\/\/walkingfootballtriestingtal.at\/wp-content\/uploads\/2026\/02\/ChristianZ-rotated.jpeg ,https:\/\/walkingfootballtriestingtal.at\/wp-content\/uploads\/2026\/02\/ChristianZ-rotated.jpeg 780w, https:\/\/walkingfootballtriestingtal.at\/wp-content\/uploads\/2026\/02\/ChristianZ-rotated.jpeg 360w\" sizes=\"auto, (max-width: 480px) 150px\" src=\"https:\/\/walkingfootballtriestingtal.at\/wp-content\/uploads\/2026\/02\/ChristianZ-rotated.jpeg\" alt=\"\" class=\"uag-image-202\" width=\"480\" height=\"640\" title=\"ChristianZ\" loading=\"lazy\" role=\"img\"\/><\/figure><\/div>\n\n\n\n<div class=\"wp-block-uagb-advanced-heading uagb-block-6c2ef9b2\"><h3 class=\"uagb-heading-text\">Christian \u201eChristian\u201c Zwickl<\/h3><\/div>\n\n\n\n<p class=\"has-text-align-left\">Unser Organisator &amp; Checker auf und neben dem Spielfeld. War vom ersten Tag an dabei, als Walking Football nach \u00d6sterreich kam und ist einer der Gr\u00fcnder von WF Triestingtal.<br>Er war 2025 im \u00d6-Team (WF Austria Academy) bei den World Sports Games in Griechenland, wo \u00d6sterreich das Turnier gewann = unser Weltmeister<\/p>\n<\/div>\n\n\n\n<div class=\"wp-block-uagb-container uagb-block-ec6553d0\">\n<div class=\"wp-block-uagb-image uagb-block-76370a48 wp-block-uagb-image--layout-default wp-block-uagb-image--effect-static wp-block-uagb-image--align-none\"><figure class=\"wp-block-uagb-image__figure\"><img decoding=\"async\" srcset=\"https:\/\/walkingfootballtriestingtal.at\/wp-content\/uploads\/2026\/02\/Iwan-rotated.jpeg ,https:\/\/walkingfootballtriestingtal.at\/wp-content\/uploads\/2026\/02\/Iwan-rotated.jpeg 780w, https:\/\/walkingfootballtriestingtal.at\/wp-content\/uploads\/2026\/02\/Iwan-rotated.jpeg 360w\" sizes=\"auto, (max-width: 480px) 150px\" src=\"https:\/\/walkingfootballtriestingtal.at\/wp-content\/uploads\/2026\/02\/Iwan-rotated.jpeg\" alt=\"\" class=\"uag-image-191\" width=\"480\" height=\"640\" title=\"Iwan\" loading=\"lazy\" role=\"img\"\/><\/figure><\/div>\n\n\n\n<div class=\"wp-block-uagb-advanced-heading uagb-block-9ffe921e\"><h3 class=\"uagb-heading-text\">Franz \u201eIwan\u201c Nebel<\/h3><\/div>\n\n\n\n<p class=\"has-text-align-left\">War bei der Etablierung von Walking Football in \u00d6sterreich vom ersten Tag an dabei und ist einer der Gr\u00fcnder des WF Triestingtal. Legend\u00e4r sein \u201eEnglischer\u201c beim Passen<\/p>\n<\/div>\n\n\n\n<div class=\"wp-block-uagb-container uagb-block-485f9a1f\">\n<div class=\"wp-block-uagb-image uagb-block-aa70c394 wp-block-uagb-image--layout-default wp-block-uagb-image--effect-static wp-block-uagb-image--align-none\"><figure class=\"wp-block-uagb-image__figure\"><img decoding=\"async\" srcset=\"https:\/\/walkingfootballtriestingtal.at\/wp-content\/uploads\/2026\/02\/Fredi-rotated.jpeg ,https:\/\/walkingfootballtriestingtal.at\/wp-content\/uploads\/2026\/02\/Fredi-rotated.jpeg 780w, https:\/\/walkingfootballtriestingtal.at\/wp-content\/uploads\/2026\/02\/Fredi-rotated.jpeg 360w\" sizes=\"auto, (max-width: 480px) 150px\" src=\"https:\/\/walkingfootballtriestingtal.at\/wp-content\/uploads\/2026\/02\/Fredi-rotated.jpeg\" alt=\"\" class=\"uag-image-192\" width=\"480\" height=\"640\" title=\"Fredi\" loading=\"lazy\" role=\"img\"\/><\/figure><\/div>\n\n\n\n<div class=\"wp-block-uagb-advanced-heading uagb-block-dd5b66fa\"><h3 class=\"uagb-heading-text\">Alfred \u201eFredi\u201c Kainz<\/h3><\/div>\n\n\n\n<p class=\"has-text-align-left\">Unser Ex-Polizist und jetzt Heurigenwirt, der hinter \/ vor der Schank und am Spielfeld beim Walking Football zu Hause ist<\/p>\n<\/div>\n<\/div>\n\n\n\n<div class=\"wp-block-uagb-container uagb-layout-flex uagb-block-b7b7d769 alignwide uagb-is-root-container\">\n<div class=\"wp-block-uagb-container uagb-block-1718c2cc\">\n<div class=\"wp-block-uagb-image uagb-block-ad2ded91 wp-block-uagb-image--layout-default wp-block-uagb-image--effect-static wp-block-uagb-image--align-none\"><figure class=\"wp-block-uagb-image__figure\"><img decoding=\"async\" srcset=\"https:\/\/walkingfootballtriestingtal.at\/wp-content\/uploads\/2026\/02\/Fritz-rotated.jpeg ,https:\/\/walkingfootballtriestingtal.at\/wp-content\/uploads\/2026\/02\/Fritz-rotated.jpeg 780w, https:\/\/walkingfootballtriestingtal.at\/wp-content\/uploads\/2026\/02\/Fritz-rotated.jpeg 360w\" sizes=\"auto, (max-width: 480px) 150px\" src=\"https:\/\/walkingfootballtriestingtal.at\/wp-content\/uploads\/2026\/02\/Fritz-rotated.jpeg\" alt=\"\" class=\"uag-image-203\" width=\"480\" height=\"640\" title=\"Fritz\" loading=\"lazy\" role=\"img\"\/><\/figure><\/div>\n\n\n\n<div class=\"wp-block-uagb-advanced-heading uagb-block-847d85f3\"><h3 class=\"uagb-heading-text\">Fritz \u201eFritz\u201c Hacker<\/h3><\/div>\n\n\n\n<p class=\"has-text-align-left\">Unser \u00e4ltester Spieler. Eine Bank in der Defensive und beim \u201erausspielen\u201c. Ein echtes Vorbild f\u00fcr alle Walking Footballer<\/p>\n<\/div>\n\n\n\n<div class=\"wp-block-uagb-container uagb-block-777c63c8\">\n<div class=\"wp-block-uagb-image uagb-block-0cb387bc wp-block-uagb-image--layout-default wp-block-uagb-image--effect-static wp-block-uagb-image--align-none\"><figure class=\"wp-block-uagb-image__figure\"><img decoding=\"async\" srcset=\"https:\/\/walkingfootballtriestingtal.at\/wp-content\/uploads\/2026\/02\/HannesR-rotated.jpeg ,https:\/\/walkingfootballtriestingtal.at\/wp-content\/uploads\/2026\/02\/HannesR-rotated.jpeg 780w, https:\/\/walkingfootballtriestingtal.at\/wp-content\/uploads\/2026\/02\/HannesR-rotated.jpeg 360w\" sizes=\"auto, (max-width: 480px) 150px\" src=\"https:\/\/walkingfootballtriestingtal.at\/wp-content\/uploads\/2026\/02\/HannesR-rotated.jpeg\" alt=\"\" class=\"uag-image-204\" width=\"480\" height=\"640\" title=\"HannesR\" loading=\"lazy\" role=\"img\"\/><\/figure><\/div>\n\n\n\n<div class=\"wp-block-uagb-advanced-heading uagb-block-c0d62da5\"><h3 class=\"uagb-heading-text\">Hannes \u201eHannes\u201c Reischer<\/h3><\/div>\n\n\n\n<p class=\"has-text-align-left\">L\u00e4sst immer wieder seinen Spielwitz aufblitzen und ist die Nummer 1 als Schm\u00e4hbruder<\/p>\n<\/div>\n\n\n\n<div class=\"wp-block-uagb-container uagb-block-5d2858d0\">\n<div class=\"wp-block-uagb-image uagb-block-546852f6 wp-block-uagb-image--layout-default wp-block-uagb-image--effect-static wp-block-uagb-image--align-none\"><figure class=\"wp-block-uagb-image__figure\"><img decoding=\"async\" srcset=\"https:\/\/walkingfootballtriestingtal.at\/wp-content\/uploads\/2026\/02\/Manfred-rotated.jpeg ,https:\/\/walkingfootballtriestingtal.at\/wp-content\/uploads\/2026\/02\/Manfred-rotated.jpeg 780w, https:\/\/walkingfootballtriestingtal.at\/wp-content\/uploads\/2026\/02\/Manfred-rotated.jpeg 360w\" sizes=\"auto, (max-width: 480px) 150px\" src=\"https:\/\/walkingfootballtriestingtal.at\/wp-content\/uploads\/2026\/02\/Manfred-rotated.jpeg\" alt=\"\" class=\"uag-image-189\" width=\"480\" height=\"640\" title=\"Manfred\" loading=\"lazy\" role=\"img\"\/><\/figure><\/div>\n\n\n\n<div class=\"wp-block-uagb-advanced-heading uagb-block-2d2f4154\"><h3 class=\"uagb-heading-text\">Manfred \u201eManfred\u201c Arbeiter<\/h3><\/div>\n\n\n\n<p class=\"has-text-align-left\">\u201eIch spiele nicht perfekt &#8211; aber leidenschaftlich\u201c<\/p>\n<\/div>\n<\/div>\n\n\n\n<div class=\"wp-block-uagb-container uagb-layout-flex uagb-block-65ca4e75 alignwide uagb-is-root-container\">\n<div class=\"wp-block-uagb-container uagb-block-ff854d03\">\n<div class=\"wp-block-uagb-image uagb-block-d2b3d822 wp-block-uagb-image--layout-default wp-block-uagb-image--effect-static wp-block-uagb-image--align-none\"><figure class=\"wp-block-uagb-image__figure\"><img decoding=\"async\" srcset=\"https:\/\/walkingfootballtriestingtal.at\/wp-content\/uploads\/2026\/02\/HansiV-rotated.jpeg ,https:\/\/walkingfootballtriestingtal.at\/wp-content\/uploads\/2026\/02\/HansiV-rotated.jpeg 780w, https:\/\/walkingfootballtriestingtal.at\/wp-content\/uploads\/2026\/02\/HansiV-rotated.jpeg 360w\" sizes=\"auto, (max-width: 480px) 150px\" src=\"https:\/\/walkingfootballtriestingtal.at\/wp-content\/uploads\/2026\/02\/HansiV-rotated.jpeg\" alt=\"\" class=\"uag-image-205\" width=\"480\" height=\"640\" title=\"HansiV\" loading=\"lazy\" role=\"img\"\/><\/figure><\/div>\n\n\n\n<div class=\"wp-block-uagb-advanced-heading uagb-block-c250089d\"><h3 class=\"uagb-heading-text\">Hans \u201eHansi\u201c Vollmann<\/h3><\/div>\n\n\n\n<p class=\"has-text-align-left\">ehemaliger Kottingbrunner Spieler, der nach einem schweren Unfall \u00fcber Walking Football wieder zum Fu\u00dfball gefunden hat. Man sieht seine fu\u00dfballerische Erfahrung<\/p>\n<\/div>\n\n\n\n<div class=\"wp-block-uagb-container uagb-block-96ad759c\">\n<div class=\"wp-block-uagb-image uagb-block-45d09930 wp-block-uagb-image--layout-default wp-block-uagb-image--effect-static wp-block-uagb-image--align-none\"><figure class=\"wp-block-uagb-image__figure\"><img decoding=\"async\" srcset=\"https:\/\/walkingfootballtriestingtal.at\/wp-content\/uploads\/2026\/02\/HarriH-rotated.jpeg ,https:\/\/walkingfootballtriestingtal.at\/wp-content\/uploads\/2026\/02\/HarriH-rotated.jpeg 780w, https:\/\/walkingfootballtriestingtal.at\/wp-content\/uploads\/2026\/02\/HarriH-rotated.jpeg 360w\" sizes=\"auto, (max-width: 480px) 150px\" src=\"https:\/\/walkingfootballtriestingtal.at\/wp-content\/uploads\/2026\/02\/HarriH-rotated.jpeg\" alt=\"\" class=\"uag-image-206\" width=\"480\" height=\"640\" title=\"HarriH\" loading=\"lazy\" role=\"img\"\/><\/figure><\/div>\n\n\n\n<div class=\"wp-block-uagb-advanced-heading uagb-block-914e6584\"><h3 class=\"uagb-heading-text\">Harald \u201eHarri\u201c Hirschhofer<\/h3><\/div>\n\n\n\n<p class=\"has-text-align-left\">Hat 45 Jahre nicht gewusst, dass er ein Fussballtechniker ist. Walking Football hat ihm diese Sichtweise schlussendlich er\u00f6ffnet<\/p>\n<\/div>\n\n\n\n<div class=\"wp-block-uagb-container uagb-block-7bde59a9\">\n<div class=\"wp-block-uagb-image uagb-block-c939321d wp-block-uagb-image--layout-default wp-block-uagb-image--effect-static wp-block-uagb-image--align-none\"><figure class=\"wp-block-uagb-image__figure\"><img decoding=\"async\" srcset=\"https:\/\/walkingfootballtriestingtal.at\/wp-content\/uploads\/2026\/02\/HeliZ-rotated.jpeg ,https:\/\/walkingfootballtriestingtal.at\/wp-content\/uploads\/2026\/02\/HeliZ-rotated.jpeg 780w, https:\/\/walkingfootballtriestingtal.at\/wp-content\/uploads\/2026\/02\/HeliZ-rotated.jpeg 360w\" sizes=\"auto, (max-width: 480px) 150px\" src=\"https:\/\/walkingfootballtriestingtal.at\/wp-content\/uploads\/2026\/02\/HeliZ-rotated.jpeg\" alt=\"\" class=\"uag-image-207\" width=\"480\" height=\"640\" title=\"HeliZ\" loading=\"lazy\" role=\"img\"\/><\/figure><\/div>\n\n\n\n<div class=\"wp-block-uagb-advanced-heading uagb-block-0cc2aeed\"><h3 class=\"uagb-heading-text\">Helmut \u201eHeli\u201c Zehetbauer<\/h3><\/div>\n\n\n\n<p class=\"has-text-align-left\">Bringt seine Kenntnisse aus dem \u201eK\u00e4figfussball\u201c mit und \u00fcberspielt nicht nur die Gegner &#8211; manchmal auch sich selbst<\/p>\n<\/div>\n<\/div>\n\n\n\n<div class=\"wp-block-uagb-container uagb-layout-flex uagb-block-1086af5e alignwide uagb-is-root-container\">\n<div class=\"wp-block-uagb-container uagb-block-98ae32ee\">\n<div class=\"wp-block-uagb-image uagb-block-8212aa01 wp-block-uagb-image--layout-default wp-block-uagb-image--effect-static wp-block-uagb-image--align-none\"><figure class=\"wp-block-uagb-image__figure\"><img decoding=\"async\" srcset=\"https:\/\/walkingfootballtriestingtal.at\/wp-content\/uploads\/2026\/02\/JackieN-rotated.jpeg ,https:\/\/walkingfootballtriestingtal.at\/wp-content\/uploads\/2026\/02\/JackieN-rotated.jpeg 780w, https:\/\/walkingfootballtriestingtal.at\/wp-content\/uploads\/2026\/02\/JackieN-rotated.jpeg 360w\" sizes=\"auto, (max-width: 480px) 150px\" src=\"https:\/\/walkingfootballtriestingtal.at\/wp-content\/uploads\/2026\/02\/JackieN-rotated.jpeg\" alt=\"\" class=\"uag-image-208\" width=\"480\" height=\"640\" title=\"JackieN\" loading=\"lazy\" role=\"img\"\/><\/figure><\/div>\n\n\n\n<div class=\"wp-block-uagb-advanced-heading uagb-block-889bced6\"><h3 class=\"uagb-heading-text\">Kurt \u201eJackie\u201c Novacek<\/h3><\/div>\n\n\n\n<p class=\"has-text-align-left\">Er bewegt sich jeden Tag. Walken, Fitnesscenter und Walking Football. Der unerm\u00fcdliche Dauergeher<\/p>\n<\/div>\n\n\n\n<div class=\"wp-block-uagb-container uagb-block-7b5595ec\">\n<div class=\"wp-block-uagb-image uagb-block-5605a019 wp-block-uagb-image--layout-default wp-block-uagb-image--effect-static wp-block-uagb-image--align-none\"><figure class=\"wp-block-uagb-image__figure\"><img decoding=\"async\" srcset=\"https:\/\/walkingfootballtriestingtal.at\/wp-content\/uploads\/2026\/02\/ManfredS-rotated.jpeg ,https:\/\/walkingfootballtriestingtal.at\/wp-content\/uploads\/2026\/02\/ManfredS-rotated.jpeg 780w, https:\/\/walkingfootballtriestingtal.at\/wp-content\/uploads\/2026\/02\/ManfredS-rotated.jpeg 360w\" sizes=\"auto, (max-width: 480px) 150px\" src=\"https:\/\/walkingfootballtriestingtal.at\/wp-content\/uploads\/2026\/02\/ManfredS-rotated.jpeg\" alt=\"\" class=\"uag-image-209\" width=\"480\" height=\"640\" title=\"ManfredS\" loading=\"lazy\" role=\"img\"\/><\/figure><\/div>\n\n\n\n<div class=\"wp-block-uagb-advanced-heading uagb-block-9b1ad251\"><h3 class=\"uagb-heading-text\">Manfred \u201eManfred\u201c Schorn<\/h3><\/div>\n\n\n\n<p class=\"has-text-align-left\">Er schaut auf und neben dem Spielfeld immer nach vorne. Ein ruhiger und verl\u00e4sslicher Mannschaftsspieler<\/p>\n<\/div>\n\n\n\n<div class=\"wp-block-uagb-container uagb-block-5282bdaa\">\n<div class=\"wp-block-uagb-image uagb-block-54152999 wp-block-uagb-image--layout-default wp-block-uagb-image--effect-static wp-block-uagb-image--align-none\"><figure class=\"wp-block-uagb-image__figure\"><img decoding=\"async\" srcset=\"https:\/\/walkingfootballtriestingtal.at\/wp-content\/uploads\/2026\/02\/PetaZ-rotated.jpeg ,https:\/\/walkingfootballtriestingtal.at\/wp-content\/uploads\/2026\/02\/PetaZ-rotated.jpeg 780w, https:\/\/walkingfootballtriestingtal.at\/wp-content\/uploads\/2026\/02\/PetaZ-rotated.jpeg 360w\" sizes=\"auto, (max-width: 480px) 150px\" src=\"https:\/\/walkingfootballtriestingtal.at\/wp-content\/uploads\/2026\/02\/PetaZ-rotated.jpeg\" alt=\"\" class=\"uag-image-210\" width=\"480\" height=\"640\" title=\"PetaZ\" loading=\"lazy\" role=\"img\"\/><\/figure><\/div>\n\n\n\n<div class=\"wp-block-uagb-advanced-heading uagb-block-75cc0f59\"><h3 class=\"uagb-heading-text\">Peter \u201ePeta\u201c Zw\u00f6lfer<\/h3><\/div>\n\n\n\n<p class=\"has-text-align-left\">Seine Lautst\u00e4rke ist auf dem Spielfeld, daneben und in der 3. Halbzeit nicht zu \u00fcberh\u00f6ren<\/p>\n<\/div>\n<\/div>\n\n\n\n<div class=\"wp-block-uagb-container uagb-layout-flex uagb-block-83b309ac alignwide uagb-is-root-container\">\n<div class=\"wp-block-uagb-container uagb-block-12f7ab36\">\n<div class=\"wp-block-uagb-image uagb-block-0b7e525a wp-block-uagb-image--layout-default wp-block-uagb-image--effect-static wp-block-uagb-image--align-none\"><figure class=\"wp-block-uagb-image__figure\"><img decoding=\"async\" srcset=\"https:\/\/walkingfootballtriestingtal.at\/wp-content\/uploads\/2026\/02\/ReinholdZ-rotated.jpeg ,https:\/\/walkingfootballtriestingtal.at\/wp-content\/uploads\/2026\/02\/ReinholdZ-rotated.jpeg 780w, https:\/\/walkingfootballtriestingtal.at\/wp-content\/uploads\/2026\/02\/ReinholdZ-rotated.jpeg 360w\" sizes=\"auto, (max-width: 480px) 150px\" src=\"https:\/\/walkingfootballtriestingtal.at\/wp-content\/uploads\/2026\/02\/ReinholdZ-rotated.jpeg\" alt=\"\" class=\"uag-image-211\" width=\"480\" height=\"640\" title=\"ReinholdZ\" loading=\"lazy\" role=\"img\"\/><\/figure><\/div>\n\n\n\n<div class=\"wp-block-uagb-advanced-heading uagb-block-0c518149\"><h3 class=\"uagb-heading-text\">Reinhold \u201eReinhold\u201c Weiss<\/h3><\/div>\n\n\n\n<p class=\"has-text-align-left\">\u201e\u2026.ich hoffe, ich lerne es bis 70 &#8211; ein paar Monate sind es ja noch\u2026.\u201c<\/p>\n<\/div>\n\n\n\n<div class=\"wp-block-uagb-container uagb-block-e792d571\">\n<div class=\"wp-block-uagb-image uagb-block-90230939 wp-block-uagb-image--layout-default wp-block-uagb-image--effect-static wp-block-uagb-image--align-none\"><figure class=\"wp-block-uagb-image__figure\"><img decoding=\"async\" srcset=\"https:\/\/walkingfootballtriestingtal.at\/wp-content\/uploads\/2026\/02\/Strohmi-rotated.jpeg ,https:\/\/walkingfootballtriestingtal.at\/wp-content\/uploads\/2026\/02\/Strohmi-rotated.jpeg 780w, https:\/\/walkingfootballtriestingtal.at\/wp-content\/uploads\/2026\/02\/Strohmi-rotated.jpeg 360w\" sizes=\"auto, (max-width: 480px) 150px\" src=\"https:\/\/walkingfootballtriestingtal.at\/wp-content\/uploads\/2026\/02\/Strohmi-rotated.jpeg\" alt=\"\" class=\"uag-image-212\" width=\"480\" height=\"640\" title=\"Strohmi\" loading=\"lazy\" role=\"img\"\/><\/figure><\/div>\n\n\n\n<div class=\"wp-block-uagb-advanced-heading uagb-block-af263c85\"><h3 class=\"uagb-heading-text\">Gerald \u201eStrohmi\u201c Strohmayer<\/h3><\/div>\n\n\n\n<p class=\"has-text-align-left\">Ist zwar Tennistrainer, tr\u00e4gt aber zurecht die Nummer 9 &#8211; ein echter Knipser<\/p>\n<\/div>\n\n\n\n<div class=\"wp-block-uagb-container uagb-block-c8dbfd93\">\n<div class=\"wp-block-uagb-image uagb-block-35a17d0f wp-block-uagb-image--layout-default wp-block-uagb-image--effect-static wp-block-uagb-image--align-none\"><figure class=\"wp-block-uagb-image__figure\"><img decoding=\"async\" srcset=\"https:\/\/walkingfootballtriestingtal.at\/wp-content\/uploads\/2026\/02\/ThomasP-rotated.jpeg ,https:\/\/walkingfootballtriestingtal.at\/wp-content\/uploads\/2026\/02\/ThomasP-rotated.jpeg 780w, https:\/\/walkingfootballtriestingtal.at\/wp-content\/uploads\/2026\/02\/ThomasP-rotated.jpeg 360w\" sizes=\"auto, (max-width: 480px) 150px\" src=\"https:\/\/walkingfootballtriestingtal.at\/wp-content\/uploads\/2026\/02\/ThomasP-rotated.jpeg\" alt=\"\" class=\"uag-image-213\" width=\"480\" height=\"640\" title=\"ThomasP\" loading=\"lazy\" role=\"img\"\/><\/figure><\/div>\n\n\n\n<div class=\"wp-block-uagb-advanced-heading uagb-block-0645b129\"><h3 class=\"uagb-heading-text\">Thomas \u201eThomas\u201c Pirklbauer<\/h3><\/div>\n\n\n\n<p class=\"has-text-align-left\">Auf und neben dem Platz immer f\u00fcr alle da. Beidbeinig und torgef\u00e4hrlich<\/p>\n<\/div>\n<\/div>\n\n\n\n<div class=\"wp-block-uagb-container uagb-layout-flex uagb-block-74de6f1e alignwide uagb-is-root-container\">\n<div class=\"wp-block-uagb-container uagb-block-0efabac9\">\n<div class=\"wp-block-uagb-image uagb-block-a9189bb0 wp-block-uagb-image--layout-default wp-block-uagb-image--effect-static wp-block-uagb-image--align-none\"><figure class=\"wp-block-uagb-image__figure\"><img decoding=\"async\" srcset=\"https:\/\/walkingfootballtriestingtal.at\/wp-content\/uploads\/2026\/02\/ToniG-rotated.jpeg ,https:\/\/walkingfootballtriestingtal.at\/wp-content\/uploads\/2026\/02\/ToniG-rotated.jpeg 780w, https:\/\/walkingfootballtriestingtal.at\/wp-content\/uploads\/2026\/02\/ToniG-rotated.jpeg 360w\" sizes=\"auto, (max-width: 480px) 150px\" src=\"https:\/\/walkingfootballtriestingtal.at\/wp-content\/uploads\/2026\/02\/ToniG-rotated.jpeg\" alt=\"\" class=\"uag-image-214\" width=\"480\" height=\"640\" title=\"ToniG\" loading=\"lazy\" role=\"img\"\/><\/figure><\/div>\n\n\n\n<div class=\"wp-block-uagb-advanced-heading uagb-block-4fc0ab3b\"><h3 class=\"uagb-heading-text\">Antoniu &#8222;Toni&#8220; Geormaneanu<\/h3><\/div>\n\n\n\n<p class=\"has-text-align-left\">Kreativ nach vorne, ein Passgeber mit Visionen und er \u201estreichelt\u201c gef\u00fchlvoll den Ball und der Ball liebt ihn<\/p>\n<\/div>\n\n\n\n<div class=\"wp-block-uagb-container uagb-block-0905464e\">\n<div class=\"wp-block-uagb-image uagb-block-614933d3 wp-block-uagb-image--layout-default wp-block-uagb-image--effect-static wp-block-uagb-image--align-none\"><figure class=\"wp-block-uagb-image__figure\"><img decoding=\"async\" srcset=\"https:\/\/walkingfootballtriestingtal.at\/wp-content\/uploads\/2026\/02\/Andi-790x1024.jpeg ,https:\/\/walkingfootballtriestingtal.at\/wp-content\/uploads\/2026\/02\/Andi-scaled.jpeg 780w, https:\/\/walkingfootballtriestingtal.at\/wp-content\/uploads\/2026\/02\/Andi-scaled.jpeg 360w\" sizes=\"auto, (max-width: 480px) 150px\" src=\"https:\/\/walkingfootballtriestingtal.at\/wp-content\/uploads\/2026\/02\/Andi-790x1024.jpeg\" alt=\"\" class=\"uag-image-215\" width=\"790\" height=\"1024\" title=\"Andi\" loading=\"lazy\" role=\"img\"\/><\/figure><\/div>\n\n\n\n<div class=\"wp-block-uagb-advanced-heading uagb-block-762c100a\"><h3 class=\"uagb-heading-text\">Andreas \u201e Andi\u201c Reiter<\/h3><\/div>\n\n\n\n<p class=\"has-text-align-left\">Andreas \u201e Andi\u201c Reiter<br>Seine fr\u00fchere Kopfballst\u00e4rke kann er nicht zeigen, daf\u00fcr ist er der torgef\u00e4hrlichste 6er\u201c<\/p>\n<\/div>\n<\/div>\n\n\n\n<p><\/p>","protected":false},"excerpt":{"rendered":"<p>Unser Ex-Polizist und jetzt Heurigenwirt, der hinter \/ vor der Schank und am Spielfeld beim Walking Football zu Hause ist<\/p>","protected":false},"author":1,"featured_media":0,"parent":0,"menu_order":0,"comment_status":"closed","ping_status":"closed","template":"","meta":{"_uag_custom_page_level_css":"","site-sidebar-layout":"default","site-content-layout":"","ast-site-content-layout":"default","site-content-style":"default","site-sidebar-style":"default","ast-global-header-display":"","ast-banner-title-visibility":"","ast-main-header-display":"","ast-hfb-above-header-display":"","ast-hfb-below-header-display":"","ast-hfb-mobile-header-display":"","site-post-title":"disabled","ast-breadcrumbs-content":"","ast-featured-img":"","footer-sml-layout":"","ast-disable-related-posts":"","theme-transparent-header-meta":"","adv-header-id-meta":"","stick-header-meta":"","header-above-stick-meta":"","header-main-stick-meta":"","header-below-stick-meta":"","astra-migrate-meta-layouts":"default","ast-page-background-enabled":"default","ast-page-background-meta":{"desktop":{"background-color":"var(--ast-global-color-5)","background-image":"","background-repeat":"repeat","background-position":"center center","background-size":"auto","background-attachment":"scroll","background-type":"","background-media":"","overlay-type":"","overlay-color":"","overlay-opacity":"","overlay-gradient":""},"tablet":{"background-color":"","background-image":"","background-repeat":"repeat","background-position":"center center","background-size":"auto","background-attachment":"scroll","background-type":"","background-media":"","overlay-type":"","overlay-color":"","overlay-opacity":"","overlay-gradient":""},"mobile":{"background-color":"","background-image":"","background-repeat":"repeat","background-position":"center center","background-size":"auto","background-attachment":"scroll","background-type":"","background-media":"","overlay-type":"","overlay-color":"","overlay-opacity":"","overlay-gradient":""}},"ast-content-background-meta":{"desktop":{"background-color":"var(--ast-global-color-4)","background-image":"","background-repeat":"repeat","background-position":"center center","background-size":"auto","background-attachment":"scroll","background-type":"","background-media":"","overlay-type":"","overlay-color":"","overlay-opacity":"","overlay-gradient":""},"tablet":{"background-color":"var(--ast-global-color-4)","background-image":"","background-repeat":"repeat","background-position":"center center","background-size":"auto","background-attachment":"scroll","background-type":"","background-media":"","overlay-type":"","overlay-color":"","overlay-opacity":"","overlay-gradient":""},"mobile":{"background-color":"var(--ast-global-color-4)","background-image":"","background-repeat":"repeat","background-position":"center center","background-size":"auto","background-attachment":"scroll","background-type":"","background-media":"","overlay-type":"","overlay-color":"","overlay-opacity":"","overlay-gradient":""}},"footnotes":""},"class_list":["post-19","page","type-page","status-publish","hentry"],"uagb_featured_image_src":{"full":false,"thumbnail":false,"medium":false,"medium_large":false,"large":false,"1536x1536":false,"2048x2048":false,"trp-custom-language-flag":false},"uagb_author_info":{"display_name":"admin3399","author_link":"https:\/\/walkingfootballtriestingtal.at\/en\/author\/admin3399\/"},"uagb_comment_info":0,"uagb_excerpt":"Unser Ex-Polizist und jetzt Heurigenwirt, der hinter \/ vor der Schank und am Spielfeld beim Walking Football zu Hause ist","_links":{"self":[{"href":"https:\/\/walkingfootballtriestingtal.at\/en\/wp-json\/wp\/v2\/pages\/19","targetHints":{"allow":["GET"]}}],"collection":[{"href":"https:\/\/walkingfootballtriestingtal.at\/en\/wp-json\/wp\/v2\/pages"}],"about":[{"href":"https:\/\/walkingfootballtriestingtal.at\/en\/wp-json\/wp\/v2\/types\/page"}],"author":[{"embeddable":true,"href":"https:\/\/walkingfootballtriestingtal.at\/en\/wp-json\/wp\/v2\/users\/1"}],"replies":[{"embeddable":true,"href":"https:\/\/walkingfootballtriestingtal.at\/en\/wp-json\/wp\/v2\/comments?post=19"}],"version-history":[{"count":22,"href":"https:\/\/walkingfootballtriestingtal.at\/en\/wp-json\/wp\/v2\/pages\/19\/revisions"}],"predecessor-version":[{"id":229,"href":"https:\/\/walkingfootballtriestingtal.at\/en\/wp-json\/wp\/v2\/pages\/19\/revisions\/229"}],"wp:attachment":[{"href":"https:\/\/walkingfootballtriestingtal.at\/en\/wp-json\/wp\/v2\/media?parent=19"}],"curies":[{"name":"wp","href":"https:\/\/api.w.org\/{rel}","templated":true}]}}